{"id":20,"date":"2025-12-15T15:27:03","date_gmt":"2025-12-15T14:27:03","guid":{"rendered":"https:\/\/twojenowewnetrze.pl\/?page_id=20"},"modified":"2025-12-30T09:52:45","modified_gmt":"2025-12-30T08:52:45","slug":"twoje-nowe-wnetrze-bk-meble-kety","status":"publish","type":"page","link":"https:\/\/twojenowewnetrze.pl\/","title":{"rendered":"Twoje Nowe Wn\u0119trze | BK Meble K\u0119ty"},"content":{"rendered":"\t\t<div data-elementor-type=\"wp-page\" data-elementor-id=\"20\" class=\"elementor elementor-20\" data-elementor-post-type=\"page\">\n\t\t\t\t<div class=\"elementor-element elementor-element-5a82e67 e-flex e-con-boxed e-con e-parent\" data-id=\"5a82e67\" data-element_type=\"container\">\n\t\t\t\t\t<div class=\"e-con-inner\">\n\t\t<div class=\"elementor-element elementor-element-e87dd53 e-con-full e-flex e-con e-child\" data-id=\"e87dd53\" data-element_type=\"container\">\n\t\t\t\t<div class=\"elementor-element elementor-element-31ea6b8 elementor-widget elementor-widget-image\" data-id=\"31ea6b8\" data-element_type=\"widget\" data-widget_type=\"image.default\">\n\t\t\t\t\t\t\t\t\t\t\t\t\t\t\t<img fetchpriority=\"high\" decoding=\"async\" width=\"504\" height=\"382\" src=\"https:\/\/twojenowewnetrze.pl\/wp-content\/uploads\/2025\/12\/Zrzut-ekranu-2025-12-15-o-17.49.19.png\" class=\"attachment-large size-large wp-image-119\" alt=\"\" srcset=\"https:\/\/twojenowewnetrze.pl\/wp-content\/uploads\/2025\/12\/Zrzut-ekranu-2025-12-15-o-17.49.19.png 504w, https:\/\/twojenowewnetrze.pl\/wp-content\/uploads\/2025\/12\/Zrzut-ekranu-2025-12-15-o-17.49.19-300x227.png 300w\" sizes=\"(max-width: 504px) 100vw, 504px\" \/>\t\t\t\t\t\t\t\t\t\t\t\t\t\t\t<\/div>\n\t\t\t\t<\/div>\n\t\t<div class=\"elementor-element elementor-element-c41ec1d e-con-full e-flex e-con e-child\" data-id=\"c41ec1d\" data-element_type=\"container\" data-settings=\"{&quot;background_background&quot;:&quot;classic&quot;}\">\n\t\t\t\t<div class=\"elementor-element elementor-element-49d69f6 elementor-invisible elementor-widget elementor-widget-heading\" data-id=\"49d69f6\" data-element_type=\"widget\" data-settings=\"{&quot;_animation&quot;:&quot;fadeInUp&quot;}\" data-widget_type=\"heading.default\">\n\t\t\t\t\t<h1 class=\"elementor-heading-title elementor-size-default\">Twoje Nowe<\/h1>\t\t\t\t<\/div>\n\t\t\t\t<div class=\"elementor-element elementor-element-3d13f44 elementor-invisible elementor-widget elementor-widget-heading\" data-id=\"3d13f44\" data-element_type=\"widget\" data-settings=\"{&quot;_animation&quot;:&quot;fadeInUp&quot;}\" data-widget_type=\"heading.default\">\n\t\t\t\t\t<h1 class=\"elementor-heading-title elementor-size-default\">Wn\u0119trze<\/h1>\t\t\t\t<\/div>\n\t\t\t\t<\/div>\n\t\t\t\t\t<\/div>\n\t\t\t\t<\/div>\n\t\t<div class=\"elementor-element elementor-element-aa1161e e-flex e-con-boxed e-con e-parent\" data-id=\"aa1161e\" data-element_type=\"container\">\n\t\t\t\t\t<div class=\"e-con-inner\">\n\t\t\t\t<div class=\"elementor-element elementor-element-9acaa60 elementor-grid-3 elementor-grid-tablet-2 elementor-grid-mobile-1 elementor-posts--thumbnail-top elementor-card-shadow-yes elementor-posts__hover-gradient elementor-widget elementor-widget-posts\" data-id=\"9acaa60\" data-element_type=\"widget\" data-settings=\"{&quot;cards_row_gap&quot;:{&quot;unit&quot;:&quot;px&quot;,&quot;size&quot;:40,&quot;sizes&quot;:[]},&quot;cards_columns&quot;:&quot;3&quot;,&quot;cards_columns_tablet&quot;:&quot;2&quot;,&quot;cards_columns_mobile&quot;:&quot;1&quot;,&quot;cards_row_gap_tablet&quot;:{&quot;unit&quot;:&quot;px&quot;,&quot;size&quot;:&quot;&quot;,&quot;sizes&quot;:[]},&quot;cards_row_gap_mobile&quot;:{&quot;unit&quot;:&quot;px&quot;,&quot;size&quot;:&quot;&quot;,&quot;sizes&quot;:[]}}\" data-widget_type=\"posts.cards\">\n\t\t\t\t<div class=\"elementor-widget-container\">\n\t\t\t\t\t\t\t<div class=\"elementor-posts-container elementor-posts elementor-posts--skin-cards elementor-grid\" role=\"list\">\n\t\t\t\t<article class=\"elementor-post elementor-grid-item post-224 post type-post status-publish format-standard has-post-thumbnail hentry category-meble-z-drewna category-trendy\" role=\"listitem\">\n\t\t\t<div class=\"elementor-post__card\">\n\t\t\t\t<a class=\"elementor-post__thumbnail__link\" href=\"https:\/\/twojenowewnetrze.pl\/index.php\/2025\/12\/29\/odkryj-piekno-litego-drewna\/\" tabindex=\"-1\" ><div class=\"elementor-post__thumbnail\"><img decoding=\"async\" width=\"300\" height=\"200\" src=\"https:\/\/twojenowewnetrze.pl\/wp-content\/uploads\/2025\/12\/BK-ARANZACJA-DAB-1-300x200.jpg\" class=\"attachment-medium size-medium wp-image-225\" alt=\"Aran\u017cacja wn\u0119trza z d\u0119bowych mebli wykonanych przez firm\u0119 BK Meble z K\u0119t\" srcset=\"https:\/\/twojenowewnetrze.pl\/wp-content\/uploads\/2025\/12\/BK-ARANZACJA-DAB-1-300x200.jpg 300w, https:\/\/twojenowewnetrze.pl\/wp-content\/uploads\/2025\/12\/BK-ARANZACJA-DAB-1-1024x681.jpg 1024w, https:\/\/twojenowewnetrze.pl\/wp-content\/uploads\/2025\/12\/BK-ARANZACJA-DAB-1-768x511.jpg 768w, https:\/\/twojenowewnetrze.pl\/wp-content\/uploads\/2025\/12\/BK-ARANZACJA-DAB-1-1536x1021.jpg 1536w, https:\/\/twojenowewnetrze.pl\/wp-content\/uploads\/2025\/12\/BK-ARANZACJA-DAB-1.jpg 1800w\" sizes=\"(max-width: 300px) 100vw, 300px\" \/><\/div><\/a>\n\t\t\t\t<div class=\"elementor-post__badge\">Meble z drewna<\/div>\n\t\t\t\t<div class=\"elementor-post__text\">\n\t\t\t\t<h3 class=\"elementor-post__title\">\n\t\t\t<a href=\"https:\/\/twojenowewnetrze.pl\/index.php\/2025\/12\/29\/odkryj-piekno-litego-drewna\/\" >\n\t\t\t\tOdkryj Pi\u0119kno Litego Drewna\t\t\t<\/a>\n\t\t<\/h3>\n\t\t\t\t<div class=\"elementor-post__excerpt\">\n\t\t\t<p>Rozpoczynaj\u0105c remont czy budow\u0119 domu, cz\u0119sto nie mo\u017cemy doczeka\u0107 si\u0119 ostatniego etapu realizacji, czyli meblowania. Oczami wyobra\u017ani widzimy wn\u0119trza, w kt\u00f3rych b\u0119dziemy sp\u0119dza\u0107 czas z bliskimi, odpoczywa\u0107 i czu\u0107 si\u0119 komfortowo. Niestety, w chwili gdy musimy podj\u0105\u0107 ostateczne decyzje \u2013 o kolorze mebli, rodzaju drewna, czy w\u0142a\u015bciwo\u015bciach tkaniny na sof\u0119<\/p>\n\t\t<\/div>\n\t\t\n\t\t<a class=\"elementor-post__read-more\" href=\"https:\/\/twojenowewnetrze.pl\/index.php\/2025\/12\/29\/odkryj-piekno-litego-drewna\/\" aria-label=\"Read more about Odkryj Pi\u0119kno Litego Drewna\" tabindex=\"-1\" >\n\t\t\tCzytaj wi\u0119cej \u00bb\t\t<\/a>\n\n\t\t\t\t<\/div>\n\t\t\t\t\t<\/div>\n\t\t<\/article>\n\t\t\t\t<article class=\"elementor-post elementor-grid-item post-71 post type-post status-publish format-standard has-post-thumbnail hentry category-trendy\" role=\"listitem\">\n\t\t\t<div class=\"elementor-post__card\">\n\t\t\t\t<a class=\"elementor-post__thumbnail__link\" href=\"https:\/\/twojenowewnetrze.pl\/index.php\/2025\/12\/06\/trendy-w-meblach-2025-naturalnosc-funkcja-i-ponadczasowy-design\/\" tabindex=\"-1\" ><div class=\"elementor-post__thumbnail\"><img decoding=\"async\" width=\"300\" height=\"265\" src=\"https:\/\/twojenowewnetrze.pl\/wp-content\/uploads\/2025\/12\/kam-idris-_HqHX3LBN18-unsplash-300x265.jpg\" class=\"attachment-medium size-medium wp-image-72\" alt=\"\" srcset=\"https:\/\/twojenowewnetrze.pl\/wp-content\/uploads\/2025\/12\/kam-idris-_HqHX3LBN18-unsplash-300x265.jpg 300w, https:\/\/twojenowewnetrze.pl\/wp-content\/uploads\/2025\/12\/kam-idris-_HqHX3LBN18-unsplash-1024x903.jpg 1024w, https:\/\/twojenowewnetrze.pl\/wp-content\/uploads\/2025\/12\/kam-idris-_HqHX3LBN18-unsplash-768x678.jpg 768w, https:\/\/twojenowewnetrze.pl\/wp-content\/uploads\/2025\/12\/kam-idris-_HqHX3LBN18-unsplash-1536x1355.jpg 1536w, https:\/\/twojenowewnetrze.pl\/wp-content\/uploads\/2025\/12\/kam-idris-_HqHX3LBN18-unsplash.jpg 1920w\" sizes=\"(max-width: 300px) 100vw, 300px\" \/><\/div><\/a>\n\t\t\t\t<div class=\"elementor-post__badge\">Trendy<\/div>\n\t\t\t\t<div class=\"elementor-post__text\">\n\t\t\t\t<h3 class=\"elementor-post__title\">\n\t\t\t<a href=\"https:\/\/twojenowewnetrze.pl\/index.php\/2025\/12\/06\/trendy-w-meblach-2025-naturalnosc-funkcja-i-ponadczasowy-design\/\" >\n\t\t\t\tTrendy w meblach 2025. Naturalno\u015b\u0107, funkcja i ponadczasowy design\t\t\t<\/a>\n\t\t<\/h3>\n\t\t\t\t<div class=\"elementor-post__excerpt\">\n\t\t\t<p>Wsp\u00f3\u0142czesne wn\u0119trza coraz wyra\u017aniej odchodz\u0105 od chwilowych m\u00f3d na rzecz rozwi\u0105za\u0144 trwa\u0142ych, funkcjonalnych i bliskich naturze. Trendy meblarskie na 2025 rok pokazuj\u0105, \u017ce klienci szukaj\u0105 spokoju, harmonii i jako\u015bci, kt\u00f3ra zostanie z nimi na lata. To dobra wiadomo\u015b\u0107 dla tych, kt\u00f3rzy stawiaj\u0105 na solidne wykonanie i przemy\u015blane projekty. Jednym z<\/p>\n\t\t<\/div>\n\t\t\n\t\t<a class=\"elementor-post__read-more\" href=\"https:\/\/twojenowewnetrze.pl\/index.php\/2025\/12\/06\/trendy-w-meblach-2025-naturalnosc-funkcja-i-ponadczasowy-design\/\" aria-label=\"Read more about Trendy w meblach 2025. Naturalno\u015b\u0107, funkcja i ponadczasowy design\" tabindex=\"-1\" >\n\t\t\tCzytaj wi\u0119cej \u00bb\t\t<\/a>\n\n\t\t\t\t<\/div>\n\t\t\t\t\t<\/div>\n\t\t<\/article>\n\t\t\t\t<article class=\"elementor-post elementor-grid-item post-74 post type-post status-publish format-standard has-post-thumbnail hentry category-trendy\" role=\"listitem\">\n\t\t\t<div class=\"elementor-post__card\">\n\t\t\t\t<a class=\"elementor-post__thumbnail__link\" href=\"https:\/\/twojenowewnetrze.pl\/index.php\/2025\/12\/03\/meble-szyte-na-miare-trendow-dlaczego-indywidualne-projekty-wygrywaja-z-masowa-produkcja\/\" tabindex=\"-1\" ><div class=\"elementor-post__thumbnail\"><img loading=\"lazy\" decoding=\"async\" width=\"300\" height=\"300\" src=\"https:\/\/twojenowewnetrze.pl\/wp-content\/uploads\/2025\/12\/spacejoy-YI2YkyaREHk-unsplash-300x300.jpg\" class=\"attachment-medium size-medium wp-image-75\" alt=\"\" srcset=\"https:\/\/twojenowewnetrze.pl\/wp-content\/uploads\/2025\/12\/spacejoy-YI2YkyaREHk-unsplash-300x300.jpg 300w, https:\/\/twojenowewnetrze.pl\/wp-content\/uploads\/2025\/12\/spacejoy-YI2YkyaREHk-unsplash-1024x1024.jpg 1024w, https:\/\/twojenowewnetrze.pl\/wp-content\/uploads\/2025\/12\/spacejoy-YI2YkyaREHk-unsplash-150x150.jpg 150w, https:\/\/twojenowewnetrze.pl\/wp-content\/uploads\/2025\/12\/spacejoy-YI2YkyaREHk-unsplash-768x768.jpg 768w, https:\/\/twojenowewnetrze.pl\/wp-content\/uploads\/2025\/12\/spacejoy-YI2YkyaREHk-unsplash-1536x1536.jpg 1536w, https:\/\/twojenowewnetrze.pl\/wp-content\/uploads\/2025\/12\/spacejoy-YI2YkyaREHk-unsplash.jpg 1920w\" sizes=\"(max-width: 300px) 100vw, 300px\" \/><\/div><\/a>\n\t\t\t\t<div class=\"elementor-post__badge\">Trendy<\/div>\n\t\t\t\t<div class=\"elementor-post__text\">\n\t\t\t\t<h3 class=\"elementor-post__title\">\n\t\t\t<a href=\"https:\/\/twojenowewnetrze.pl\/index.php\/2025\/12\/03\/meble-szyte-na-miare-trendow-dlaczego-indywidualne-projekty-wygrywaja-z-masowa-produkcja\/\" >\n\t\t\t\tMeble szyte na miar\u0119 trend\u00f3w. Dlaczego indywidualne projekty wygrywaj\u0105 z masow\u0105 produkcj\u0105\t\t\t<\/a>\n\t\t<\/h3>\n\t\t\t\t<div class=\"elementor-post__excerpt\">\n\t\t\t<p>Jeszcze kilka lat temu gotowe meble z salon\u00f3w by\u0142y pierwszym wyborem wielu klient\u00f3w. Dzi\u015b coraz wi\u0119cej os\u00f3b \u015bwiadomie decyduje si\u0119 na rozwi\u0105zania indywidualne, dopasowane do wn\u0119trza, stylu \u017cycia i estetycznych oczekiwa\u0144. Trendy meblarskie jasno pokazuj\u0105, \u017ce personalizacja staje si\u0119 kluczowym elementem nowoczesnych aran\u017cacji. Jednym z g\u0142\u00f3wnych powod\u00f3w tej zmiany jest<\/p>\n\t\t<\/div>\n\t\t\n\t\t<a class=\"elementor-post__read-more\" href=\"https:\/\/twojenowewnetrze.pl\/index.php\/2025\/12\/03\/meble-szyte-na-miare-trendow-dlaczego-indywidualne-projekty-wygrywaja-z-masowa-produkcja\/\" aria-label=\"Read more about Meble szyte na miar\u0119 trend\u00f3w. Dlaczego indywidualne projekty wygrywaj\u0105 z masow\u0105 produkcj\u0105\" tabindex=\"-1\" >\n\t\t\tCzytaj wi\u0119cej \u00bb\t\t<\/a>\n\n\t\t\t\t<\/div>\n\t\t\t\t\t<\/div>\n\t\t<\/article>\n\t\t\t\t<\/div>\n\t\t\n\t\t\t\t\t\t<\/div>\n\t\t\t\t<\/div>\n\t\t\t\t\t<\/div>\n\t\t\t\t<\/div>\n\t\t<div class=\"elementor-element elementor-element-daec1ea e-flex e-con-boxed e-con e-parent\" data-id=\"daec1ea\" data-element_type=\"container\" data-settings=\"{&quot;background_background&quot;:&quot;classic&quot;}\">\n\t\t\t\t\t<div class=\"e-con-inner\">\n\t\t\t\t<div class=\"elementor-element elementor-element-14f1a91 elementor-invisible elementor-widget elementor-widget-heading\" data-id=\"14f1a91\" data-element_type=\"widget\" data-settings=\"{&quot;_animation&quot;:&quot;fadeInUp&quot;}\" data-widget_type=\"heading.default\">\n\t\t\t\t\t<h2 class=\"elementor-heading-title elementor-size-default\"><a href=\"https:\/\/www.bkmeble.pl\/\">W BK Meble tworzymy meble, kt\u00f3re dopasowuj\u0105 si\u0119 do Twojego wn\u0119trza<\/a><\/h2>\t\t\t\t<\/div>\n\t\t\t\t<div class=\"elementor-element elementor-element-62bd89a elementor--h-position-center elementor--v-position-middle elementor-arrows-position-inside elementor-pagination-position-inside elementor-widget elementor-widget-slides\" data-id=\"62bd89a\" data-element_type=\"widget\" data-settings=\"{&quot;navigation&quot;:&quot;both&quot;,&quot;autoplay&quot;:&quot;yes&quot;,&quot;pause_on_hover&quot;:&quot;yes&quot;,&quot;pause_on_interaction&quot;:&quot;yes&quot;,&quot;autoplay_speed&quot;:5000,&quot;infinite&quot;:&quot;yes&quot;,&quot;transition&quot;:&quot;slide&quot;,&quot;transition_speed&quot;:500}\" data-widget_type=\"slides.default\">\n\t\t\t\t\t\t\t\t\t\t<div class=\"elementor-slides-wrapper elementor-main-swiper swiper\" role=\"region\" aria-roledescription=\"carousel\" aria-label=\"Slajdy\" dir=\"ltr\" data-animation=\"fadeInUp\">\n\t\t\t\t<div class=\"swiper-wrapper elementor-slides\">\n\t\t\t\t\t\t\t\t\t\t<div class=\"elementor-repeater-item-6093997 swiper-slide\" role=\"group\" aria-roledescription=\"slide\"><div class=\"swiper-slide-bg\" role=\"img\" aria-label=\"spacejoy-9M66C_w_ToM-unsplash\"><\/div><div class=\"swiper-slide-inner\" ><div class=\"swiper-slide-contents\"><div class=\"elementor-slide-heading\">Dobrze zaprojektowane wn\u0119trze zaczyna si\u0119 od mebli.<\/div><div class=\"elementor-slide-description\">BK Meble z K\u0119t tworzy meble na wymiar, kt\u00f3re \u0142\u0105cz\u0105 aktualne trendy z solidnym wykonaniem i ponadczasowym stylem.<\/div><div  class=\"elementor-button elementor-slide-button elementor-size-sm\">O nas<\/div><\/div><\/div><\/div>\t\t\t\t<\/div>\n\t\t\t\t\t\t\t<\/div>\n\t\t\t\t\t\t\t\t<\/div>\n\t\t\t\t\t<\/div>\n\t\t\t\t<\/div>\n\t\t<div class=\"elementor-element elementor-element-ea66b5f e-flex e-con-boxed e-con e-parent\" data-id=\"ea66b5f\" data-element_type=\"container\">\n\t\t\t\t\t<div class=\"e-con-inner\">\n\t\t\t\t<div class=\"elementor-element elementor-element-23d5e06 elementor-invisible elementor-widget elementor-widget-heading\" data-id=\"23d5e06\" data-element_type=\"widget\" data-settings=\"{&quot;_animation&quot;:&quot;fadeInUp&quot;}\" data-widget_type=\"heading.default\">\n\t\t\t\t\t<h3 class=\"elementor-heading-title elementor-size-default\">Zapraszamy do naszego salonu w K\u0119tach<\/h3>\t\t\t\t<\/div>\n\t\t\t\t<div class=\"elementor-element elementor-element-d9c09de elementor-widget elementor-widget-google_maps\" data-id=\"d9c09de\" data-element_type=\"widget\" data-widget_type=\"google_maps.default\">\n\t\t\t\t\t\t\t<div class=\"elementor-custom-embed\">\n\t\t\t<iframe loading=\"lazy\"\n\t\t\t\t\tsrc=\"https:\/\/maps.google.com\/maps?q=BK%20Meble%20K%C4%99ty&#038;t=m&#038;z=12&#038;output=embed&#038;iwloc=near\"\n\t\t\t\t\ttitle=\"BK Meble K\u0119ty\"\n\t\t\t\t\taria-label=\"BK Meble K\u0119ty\"\n\t\t\t><\/iframe>\n\t\t<\/div>\n\t\t\t\t\t\t<\/div>\n\t\t\t\t\t<\/div>\n\t\t\t\t<\/div>\n\t\t\t\t<\/div>\n\t\t","protected":false},"excerpt":{"rendered":"<p>Twoje Nowe Wn\u0119trze W BK Meble tworzymy meble, kt\u00f3re dopasowuj\u0105 si\u0119 do Twojego wn\u0119trza Dobrze zaprojektowane wn\u0119trze zaczyna si\u0119 od mebli.BK Meble z K\u0119t tworzy meble na wymiar, kt\u00f3re \u0142\u0105cz\u0105 aktualne trendy z solidnym wykonaniem i ponadczasowym stylem.O nas Zapraszamy do naszego salonu w K\u0119tach<\/p>\n","protected":false},"author":1,"featured_media":0,"parent":0,"menu_order":0,"comment_status":"closed","ping_status":"closed","template":"elementor_header_footer","meta":{"footnotes":""},"class_list":["post-20","page","type-page","status-publish","hentry"],"_links":{"self":[{"href":"https:\/\/twojenowewnetrze.pl\/index.php\/wp-json\/wp\/v2\/pages\/20","targetHints":{"allow":["GET"]}}],"collection":[{"href":"https:\/\/twojenowewnetrze.pl\/index.php\/wp-json\/wp\/v2\/pages"}],"about":[{"href":"https:\/\/twojenowewnetrze.pl\/index.php\/wp-json\/wp\/v2\/types\/page"}],"author":[{"embeddable":true,"href":"https:\/\/twojenowewnetrze.pl\/index.php\/wp-json\/wp\/v2\/users\/1"}],"replies":[{"embeddable":true,"href":"https:\/\/twojenowewnetrze.pl\/index.php\/wp-json\/wp\/v2\/comments?post=20"}],"version-history":[{"count":133,"href":"https:\/\/twojenowewnetrze.pl\/index.php\/wp-json\/wp\/v2\/pages\/20\/revisions"}],"predecessor-version":[{"id":236,"href":"https:\/\/twojenowewnetrze.pl\/index.php\/wp-json\/wp\/v2\/pages\/20\/revisions\/236"}],"wp:attachment":[{"href":"https:\/\/twojenowewnetrze.pl\/index.php\/wp-json\/wp\/v2\/media?parent=20"}],"curies":[{"name":"wp","href":"https:\/\/api.w.org\/{rel}","templated":true}]}}