{"id":148,"date":"2025-12-15T18:03:32","date_gmt":"2025-12-15T17:03:32","guid":{"rendered":"https:\/\/twojenowewnetrze.pl\/?page_id=148"},"modified":"2025-12-15T18:34:43","modified_gmt":"2025-12-15T17:34:43","slug":"o-nas","status":"publish","type":"page","link":"https:\/\/twojenowewnetrze.pl\/index.php\/o-nas\/","title":{"rendered":"O nas"},"content":{"rendered":"\t\t<div data-elementor-type=\"wp-page\" data-elementor-id=\"148\" class=\"elementor elementor-148\" data-elementor-post-type=\"page\">\n\t\t\t\t<div class=\"elementor-element elementor-element-19bbe13b e-flex e-con-boxed e-con e-parent\" data-id=\"19bbe13b\" data-element_type=\"container\">\n\t\t\t\t\t<div class=\"e-con-inner\">\n\t\t<div class=\"elementor-element elementor-element-1572f6fd e-con-full e-flex e-con e-child\" data-id=\"1572f6fd\" data-element_type=\"container\">\n\t\t\t\t<div class=\"elementor-element elementor-element-6b44b7f1 elementor-widget elementor-widget-image\" data-id=\"6b44b7f1\" data-element_type=\"widget\" data-widget_type=\"image.default\">\n\t\t\t\t\t\t\t\t\t\t\t\t\t\t\t<img fetchpriority=\"high\" decoding=\"async\" width=\"354\" height=\"322\" src=\"https:\/\/twojenowewnetrze.pl\/wp-content\/uploads\/2025\/12\/Zrzut-ekranu-2025-12-15-o-17.48.17.png\" class=\"attachment-large size-large wp-image-115\" alt=\"\" srcset=\"https:\/\/twojenowewnetrze.pl\/wp-content\/uploads\/2025\/12\/Zrzut-ekranu-2025-12-15-o-17.48.17.png 354w, https:\/\/twojenowewnetrze.pl\/wp-content\/uploads\/2025\/12\/Zrzut-ekranu-2025-12-15-o-17.48.17-300x273.png 300w\" sizes=\"(max-width: 354px) 100vw, 354px\" \/>\t\t\t\t\t\t\t\t\t\t\t\t\t\t\t<\/div>\n\t\t\t\t<\/div>\n\t\t<div class=\"elementor-element elementor-element-906ab75 e-con-full e-flex e-con e-child\" data-id=\"906ab75\" data-element_type=\"container\" data-settings=\"{&quot;background_background&quot;:&quot;classic&quot;}\">\n\t\t\t\t<div class=\"elementor-element elementor-element-31e6316c elementor-invisible elementor-widget elementor-widget-heading\" data-id=\"31e6316c\" data-element_type=\"widget\" data-settings=\"{&quot;_animation&quot;:&quot;fadeInUp&quot;}\" data-widget_type=\"heading.default\">\n\t\t\t\t\t<h1 class=\"elementor-heading-title elementor-size-default\">BK Meble<\/h1>\t\t\t\t<\/div>\n\t\t\t\t<div class=\"elementor-element elementor-element-5f661a44 elementor-invisible elementor-widget elementor-widget-heading\" data-id=\"5f661a44\" data-element_type=\"widget\" data-settings=\"{&quot;_animation&quot;:&quot;fadeInUp&quot;}\" data-widget_type=\"heading.default\">\n\t\t\t\t\t<h1 class=\"elementor-heading-title elementor-size-default\">Trendy, kt\u00f3re maj\u0105 sens<\/h1>\t\t\t\t<\/div>\n\t\t\t\t<\/div>\n\t\t\t\t\t<\/div>\n\t\t\t\t<\/div>\n\t\t<div class=\"elementor-element elementor-element-2283a6a e-flex e-con-boxed e-con e-parent\" data-id=\"2283a6a\" data-element_type=\"container\">\n\t\t\t\t\t<div class=\"e-con-inner\">\n\t\t<div class=\"elementor-element elementor-element-479d254 e-con-full e-flex e-con e-child\" data-id=\"479d254\" data-element_type=\"container\">\n\t\t\t\t<div class=\"elementor-element elementor-element-0d8de61 elementor-widget elementor-widget-image\" data-id=\"0d8de61\" data-element_type=\"widget\" data-widget_type=\"image.default\">\n\t\t\t\t\t\t\t\t\t\t\t\t\t\t\t<img decoding=\"async\" width=\"800\" height=\"705\" src=\"https:\/\/twojenowewnetrze.pl\/wp-content\/uploads\/2025\/12\/kam-idris-_HqHX3LBN18-unsplash-1024x903.jpg\" class=\"attachment-large size-large wp-image-72\" alt=\"\" srcset=\"https:\/\/twojenowewnetrze.pl\/wp-content\/uploads\/2025\/12\/kam-idris-_HqHX3LBN18-unsplash-1024x903.jpg 1024w, https:\/\/twojenowewnetrze.pl\/wp-content\/uploads\/2025\/12\/kam-idris-_HqHX3LBN18-unsplash-300x265.jpg 300w, https:\/\/twojenowewnetrze.pl\/wp-content\/uploads\/2025\/12\/kam-idris-_HqHX3LBN18-unsplash-768x678.jpg 768w, https:\/\/twojenowewnetrze.pl\/wp-content\/uploads\/2025\/12\/kam-idris-_HqHX3LBN18-unsplash-1536x1355.jpg 1536w, https:\/\/twojenowewnetrze.pl\/wp-content\/uploads\/2025\/12\/kam-idris-_HqHX3LBN18-unsplash.jpg 1920w\" sizes=\"(max-width: 800px) 100vw, 800px\" \/>\t\t\t\t\t\t\t\t\t\t\t\t\t\t\t<\/div>\n\t\t\t\t<\/div>\n\t\t<div class=\"elementor-element elementor-element-d5f164d e-con-full e-flex e-con e-child\" data-id=\"d5f164d\" data-element_type=\"container\">\n\t\t\t\t<div class=\"elementor-element elementor-element-012f726 elementor-widget elementor-widget-heading\" data-id=\"012f726\" data-element_type=\"widget\" data-widget_type=\"heading.default\">\n\t\t\t\t\t<h2 class=\"elementor-heading-title elementor-size-default\">Lokalna pracownia. Indywidualne podej\u015bcie. Sprawdzone rozwi\u0105zania.<\/h2>\t\t\t\t<\/div>\n\t\t\t\t<div class=\"elementor-element elementor-element-476ac82 elementor-widget elementor-widget-text-editor\" data-id=\"476ac82\" data-element_type=\"widget\" data-widget_type=\"text-editor.default\">\n\t\t\t\t\t\t\t\t\t<p class=\"p1\">BK Meble to firma z K\u0119t, kt\u00f3ra od lat specjalizuje si\u0119 w projektowaniu i realizacji mebli na wymiar. Tworzymy rozwi\u0105zania dopasowane do przestrzeni, potrzeb i estetycznych oczekiwa\u0144 naszych klient\u00f3w. Ka\u017cdy projekt traktujemy indywidualnie, od pierwszej rozmowy, przez projekt, a\u017c po monta\u017c.<\/p><p class=\"p1\">Naszym celem jest tworzenie mebli, kt\u00f3re \u0142\u0105cz\u0105 funkcjonalno\u015b\u0107 z estetyk\u0105. Pracujemy na sprawdzonych materia\u0142ach i komponentach, dbaj\u0105c o jako\u015b\u0107 wykonania i trwa\u0142o\u015b\u0107 rozwi\u0105za\u0144. Nie pod\u0105\u017camy \u015blepo za mod\u0105. Wybieramy trendy, kt\u00f3re maj\u0105 sens i dobrze sprawdzaj\u0105 si\u0119 w codziennym u\u017cytkowaniu.<\/p><p class=\"p1\">Realizujemy zar\u00f3wno nowoczesne, minimalistyczne wn\u0119trza, jak i projekty o bardziej klasycznym charakterze. Doradzamy na ka\u017cdym etapie wsp\u00f3\u0142pracy, pomagaj\u0105c wybra\u0107 najlepsze rozwi\u0105zania techniczne i wizualne.<\/p><p class=\"p1\">BK Meble to po\u0142\u0105czenie do\u015bwiadczenia, rzemios\u0142a i nowoczesnego podej\u015bcia do projektowania wn\u0119trz. Dzia\u0142amy lokalnie, ale my\u015blimy szeroko i d\u0142ugofalowo.<\/p>\t\t\t\t\t\t\t\t<\/div>\n\t\t\t\t<\/div>\n\t\t\t\t\t<\/div>\n\t\t\t\t<\/div>\n\t\t\t\t<\/div>\n\t\t","protected":false},"excerpt":{"rendered":"<p>BK Meble Trendy, kt\u00f3re maj\u0105 sens Lokalna pracownia. Indywidualne podej\u015bcie. Sprawdzone rozwi\u0105zania. BK Meble to firma z K\u0119t, kt\u00f3ra od lat specjalizuje si\u0119 w projektowaniu i realizacji mebli na wymiar. Tworzymy rozwi\u0105zania dopasowane do przestrzeni, potrzeb i estetycznych oczekiwa\u0144 naszych klient\u00f3w. Ka\u017cdy projekt traktujemy indywidualnie, od pierwszej rozmowy, przez projekt, a\u017c po monta\u017c. Naszym celem [&hellip;]<\/p>\n","protected":false},"author":1,"featured_media":0,"parent":0,"menu_order":0,"comment_status":"closed","ping_status":"closed","template":"elementor_header_footer","meta":{"footnotes":""},"class_list":["post-148","page","type-page","status-publish","hentry"],"_links":{"self":[{"href":"https:\/\/twojenowewnetrze.pl\/index.php\/wp-json\/wp\/v2\/pages\/148","targetHints":{"allow":["GET"]}}],"collection":[{"href":"https:\/\/twojenowewnetrze.pl\/index.php\/wp-json\/wp\/v2\/pages"}],"about":[{"href":"https:\/\/twojenowewnetrze.pl\/index.php\/wp-json\/wp\/v2\/types\/page"}],"author":[{"embeddable":true,"href":"https:\/\/twojenowewnetrze.pl\/index.php\/wp-json\/wp\/v2\/users\/1"}],"replies":[{"embeddable":true,"href":"https:\/\/twojenowewnetrze.pl\/index.php\/wp-json\/wp\/v2\/comments?post=148"}],"version-history":[{"count":10,"href":"https:\/\/twojenowewnetrze.pl\/index.php\/wp-json\/wp\/v2\/pages\/148\/revisions"}],"predecessor-version":[{"id":202,"href":"https:\/\/twojenowewnetrze.pl\/index.php\/wp-json\/wp\/v2\/pages\/148\/revisions\/202"}],"wp:attachment":[{"href":"https:\/\/twojenowewnetrze.pl\/index.php\/wp-json\/wp\/v2\/media?parent=148"}],"curies":[{"name":"wp","href":"https:\/\/api.w.org\/{rel}","templated":true}]}}